{"id":204,"date":"2024-06-13T14:45:42","date_gmt":"2024-06-13T11:45:42","guid":{"rendered":"https:\/\/wtip.io\/kullanim-kosullari\/"},"modified":"2024-07-01T13:18:53","modified_gmt":"2024-07-01T10:18:53","slug":"kullanim-kosullari","status":"publish","type":"page","link":"https:\/\/wtip.io\/en\/kullanim-kosullari\/","title":{"rendered":"Terms Of Use"},"content":{"rendered":"<p class=\"p1\" style=\"text-align: center;\"><b>TERMS OF USE<\/b><\/p>\n<p class=\"p2\">This Terms of Use (&#8220;Terms of Use&#8221;) constitute a binding agreement between the natural person or legal entity (&#8220;User&#8221;) visiting this website (&#8220;Site&#8221;) and G\u00fcri\u015f Teknoloji A.\u015e. (&#8220;G\u00fcri\u015f Teknoloji&#8221;). The User&#8217;s visit or use of the Site means that the User has read, understood and accepted these Terms of Use without any restriction or objection. In this respect, it is recommended that the User not use the Site if the Terms of Use are not accepted.<\/p>\n<p class=\"p2\">G\u00fcri\u015f Teknoloji reserves the right to introduce additional conditions, make changes and updates to the Terms of Use without prior notice. In such a case, the last update date of the Terms of Use will be specified; such changes will be effective for the period after the specified date and it will be assumed that the User is aware of the updated Terms of Use. In any case, any visit or use of the Site after the update date means that the updated Terms of Use are accepted. For this reason, we recommend that Users ensure that they check the Terms of Use each time they visit the Site.<\/p>\n<p class=\"p2\"><b>General Terms Of Use<\/b><\/p>\n<p class=\"p2\">By using this Site, you may access and use this Site and other non-network linked sites, if any, and certain services, interfaces, functions and commercial electronic messages offered on or through this Site.<\/p>\n<p class=\"p2\">Additional terms of use may be applicable for access to and interaction with certain Content on the Site. G\u00fcri\u015f Teknoloji has the right to partially or completely remove or change the content, the materials on the Site, make the services and services partially or completely paid, terminate the publication of the Site, and similar rights at any time and without prior notice.<\/p>\n<p class=\"p2\"><b>Membership, Use and Termination Of Use\u00a0<\/b><\/p>\n<p class=\"p2\">G\u00fcri\u015f Teknoloji may make the use of certain sections and the purchase of services conditional on membership registration. The responsibility for all transactions made through the membership account belongs to the relevant member \/ user. In the event that user and password information is obtained by unauthorised third parties or unauthorised use of the account, the member shall immediately inform G\u00fcri\u015f Teknoloji and take the necessary measures.<\/p>\n<p class=\"p2\">By using this Site, the User agrees that the information sent to the Site is accurate, current and complete and that it will update it when necessary, that it will not access the Site by automatic or non-human means such as bots, scripts, that it will not use the Site for any illegal or unauthorised purpose, that the use of the Site will not violate any applicable legislation, that it is responsible for all information and documents and transactions related to them, regardless of the written, digital or electronic form sent to the Site by the User, The user accepts, declares and undertakes that he\/she will not engage in commercial activities and gain profit through this Site, and that the information and documents he\/she has sent to the Site may be shared with third parties by G\u00fcri\u015f Teknoloji, uploaded or linked to other websites, made public, published, announced or used for any purpose, including but not limited to. The User warrants that he\/she is the owner of the content, information and materials sent to the Site and that their use by G\u00fcri\u015f Teknoloji will not violate the rights of any third party or violate the applicable laws. Notwithstanding, G\u00fcri\u015f Teknoloji is not obliged to use the information and materials sent.<\/p>\n<p class=\"p2\">The User may not take any action to violate the privacy or other legal rights of third parties through the Site or the services offered on the Site or the Site, including but not limited to the actions prohibited by G\u00fcri\u015f Teknoloji or in accordance with applicable laws and those listed herein; may not commit any act that would constitute any offence or tort, including defamation against G\u00fcri\u015f Teknoloji, its employees or third parties; cannot upload files containing viruses that will harm G\u00fcri\u015f Teknoloji or third parties; cannot impersonate another person&#8217;s identity or access another person&#8217;s account without permission; cannot abuse the security vulnerabilities or errors of the Site; cannot take actions to violate the system and network security of G\u00fcri\u015f Teknoloji and\/or third parties; cannot send any illegal information, document or material containing pornography, violence, harmful, disturbing, threatening, harassing, hateful content.<\/p>\n<p class=\"p2\">G\u00fcri\u015f Teknoloji has the right to block the User&#8217;s use of the Site, suspend the User&#8217;s account or terminate the membership, remove the content and take necessary measures in case the User violates the Terms of Use, regardless of whether the violation has occurred or not.<\/p>\n<p class=\"p2\">If the User has concluded a user agreement, the User may terminate the membership at any time without giving any reason in accordance with the provisions of this Terms of Use and\/or in accordance with this Terms of Use. However, in this case, the steps stipulated by G\u00fcri\u015f Teknoloji regarding the termination of the membership, if any, must be completed.<\/p>\n<p class=\"p2\"><b>Intellectual Property Rights<\/b><\/p>\n<p class=\"p2\">All kinds of photographs, brands, logos, texts, videos, audio, visual or written content, materials, databases, software, design of website, etc. (&#8220;Content&#8221;) and copyrights, trademarks and intellectual property rights belonging to these contents belong to G\u00fcri\u015f Teknoloji. Any content on this Site may only be used for personal purposes, provided that the name and trademark of G\u00fcri\u015f Teknoloji is not deleted or changed, and that the copyright or patent notice is not violated.<span class=\"Apple-converted-space\">\u00a0 <\/span>Nothing reproduced from this Site may be sold or distributed for commercial gain, modified or included in any other work, publication or website. Except as expressly stated in these Terms of Use, no part of the Site and no content may be copied, reproduced, published, transmitted, sold, sold or modified without the prior express written permission of G\u00fcri\u015f Teknoloji. G\u00fcri\u015f Teknoloji declares that it will use all necessary legal rights in the strongest way in case of violation of a right and\/or interest that is the subject of intellectual and\/or industrial property protected in accordance with the provisions of the relevant legislation.<\/p>\n<p class=\"p2\">Users or customers accept, declare and undertake that even if the information and documents they send, use and create on the Site are confidential and proprietary, these qualifications are no longer valid against G\u00fcri\u015f Teknoloji, that these information and documents do not violate any intellectual rights, copyrights or licence rights, and that G\u00fcri\u015f Teknoloji does not have any administrative, legal or criminal liability in case of such a violation. In such a case, the responsibility belongs exclusively to the User.<\/p>\n<p class=\"p2\"><b>Warranty and Liability<\/b><\/p>\n<p class=\"p2\">G\u00fcri\u015f Teknoloji does not undertake the reliability and accuracy of the information transferred from other websites, third party sources such as business partners, advertising networks, payment, shipping and delivery services, as well as public records such as social media platforms, professional organisations, or the reliability and accuracy of the information in the sources directed outside the network by the links on this Site and the functions of other websites. G\u00fcri\u015f Teknoloji is not legally responsible for these websites and information, the results of the use of the aforementioned resources and websites, the content on these websites, legal violations. G\u00fcri\u015f Teknoloji does not accept any responsibility for violations of third parties&#8217; intellectual and industrial rights, copyrights and\/or trademark law on third party websites. Linking to other websites does not mean that these websites are supported by G\u00fcri\u015f Teknoloji. Since these websites and resources are subject to their own terms of use and privacy policies, it is the User&#8217;s obligation to follow the terms and policies of the website in question.<\/p>\n<p class=\"p2\">G\u00fcri\u015f Teknoloji makes all reasonable endeavours to ensure that the information and material contained on this Site are accurate and complete, but does not guarantee the accuracy, completeness, reliability of the information and materials, or that access to the Site is error-free and uninterrupted. G\u00fcri\u015f Teknoloji does not give any express, implied or legal guarantee that the information, materials and opinions obtained from this Site are accurate and reliable.<\/p>\n<p class=\"p2\">The decision to make transactions through this Site or by using the information and content on this Site belongs exclusively to the User, and all responsibilities regarding the risks and legal, financial, administrative and criminal consequences of these transactions belong to the User. In addition, G\u00fcri\u015f Teknoloji is not responsible for viruses that may infect computer hardware or any device and any losses that may occur due to access, use or downloading of any content on the Site.<\/p>\n<p class=\"p2\">G\u00fcri\u015f Teknoloji does not have any commitment that the Content will meet all expectations and purposes of the User, or any obligation to maintain or correct or update the materials and services provided on the Site. G\u00fcri\u015f Teknoloji shall not be liable for any legal, administrative, financial or penal consequences, including loss of profit, loss, damage, loss arising from the Content and the service provided.<\/p>\n<p class=\"p2\"><b>Personel Data<\/b><\/p>\n<p class=\"p2\">G\u00fcri\u015f Teknoloji acts in accordance with the legislation in force regarding the protection and processing of personal data submitted by Users to the Site or collected by the Site automatically or through cookies or obtained from open sources. G\u00fcri\u015f Teknoloji may automatically collect information each time the Site is visited, even if the User does not log in with an account. In this context, G\u00fcri\u015f Teknoloji may collect certain information about your visit, such as the name of the Internet service provider and the internet protocol (IP) address from which the internet is accessed, the device ID required to transmit the requested content (e.g. content, texts, images and data files provided for download, etc.), time zone setting, operating system and platform, date and time of access to the site, browser type and version, pages accessed while on the website and the internet address of the website directly connected to the Site, users&#8217; activities in the context of the website, type of end device involved. Visiting or using the Site means that G\u00fcri\u015f Teknoloji is authorised to process, collect and store this information.<\/p>\n<p class=\"p2\">Users are prohibited from obtaining, collecting, recording and subjecting personal data of other users or third parties to any kind of data processing through the Site.<\/p>\n<p class=\"p2\">Users can access more detailed information from <b><i>Clarification Text On The Protection And Processing Of Personel Data Relating To The G\u00fcri\u015f Teknoloji A.\u015e.<\/i><\/b><\/p>\n<p class=\"p2\"><b>Jurisdiction and Evidence<\/b><\/p>\n<p class=\"p2\">Any dispute arising out of or relating to the use of this Site shall be governed by Turkish Law and the laws of the Republic of Turkey. By accessing this site, users agree that Turkish law will be applied to any disputes that may arise, regardless of their location.<\/p>\n<p class=\"p2\">G\u00fcri\u015f Teknoloji&#8217;s books, records and electronic, computer and commercial records constitute conclusive and exclusive evidence.<\/p>\n<p class=\"p2\"><b>Other Provisions<\/b><\/p>\n<p class=\"p2\">In the event of any discrepancy between the Turkish and non-Turkish language versions of these Terms of Use, the Turkish version shall prevail.<\/p>\n<p class=\"p2\">Any failure by G\u00fcri\u015f Teknoloji to exercise a right or take action in accordance with the Terms of Use, whether within the specified timeframe or otherwise, shall not be construed as a waiver of such right by G\u00fcri\u015f Teknoloji.<\/p>\n<p class=\"p2\"><b>Commercial Electronic Contacts and Communications<\/b><\/p>\n<p class=\"p2\">Pursuant to Article 6 of the Law on the Regulation of Electronic Commerce, G\u00fcri\u015f Teknoloji may send electronic messages or commercial electronic messages to users who are tradesmen and merchants without prior consent. Users may cancel the consent they have given at any time; may reject commercial electronic messages.<\/p>\n<p class=\"p2\">Users can contact <a href=\"mailto:info@guristeknoloji.com\"><span class=\"s1\">info@guristeknoloji.com<\/span><\/a> for detailed information about the Terms of Use and all policies of G\u00fcri\u015f Teknoloji.<\/p>\n","protected":false},"excerpt":{"rendered":"<p>TERMS OF USE This Terms of Use (&#8220;Terms of Use&#8221;) constitute a binding agreement between the natural person or legal entity (&#8220;User&#8221;) visiting this website (&#8220;Site&#8221;) and G\u00fcri\u015f Teknoloji A.\u015e. (&#8220;G\u00fcri\u015f Teknoloji&#8221;). The User&#8217;s visit or use of the Site means that the User has read, understood and accepted these Terms of Use without any [&hellip;]<\/p>\n","protected":false},"author":1,"featured_media":0,"parent":0,"menu_order":0,"comment_status":"closed","ping_status":"closed","template":"","meta":{"footnotes":""},"class_list":["post-204","page","type-page","status-publish","hentry"],"_links":{"self":[{"href":"https:\/\/wtip.io\/en\/wp-json\/wp\/v2\/pages\/204","targetHints":{"allow":["GET"]}}],"collection":[{"href":"https:\/\/wtip.io\/en\/wp-json\/wp\/v2\/pages"}],"about":[{"href":"https:\/\/wtip.io\/en\/wp-json\/wp\/v2\/types\/page"}],"author":[{"embeddable":true,"href":"https:\/\/wtip.io\/en\/wp-json\/wp\/v2\/users\/1"}],"replies":[{"embeddable":true,"href":"https:\/\/wtip.io\/en\/wp-json\/wp\/v2\/comments?post=204"}],"version-history":[{"count":2,"href":"https:\/\/wtip.io\/en\/wp-json\/wp\/v2\/pages\/204\/revisions"}],"predecessor-version":[{"id":221,"href":"https:\/\/wtip.io\/en\/wp-json\/wp\/v2\/pages\/204\/revisions\/221"}],"wp:attachment":[{"href":"https:\/\/wtip.io\/en\/wp-json\/wp\/v2\/media?parent=204"}],"curies":[{"name":"wp","href":"https:\/\/api.w.org\/{rel}","templated":true}]}}